{"id":568,"date":"2021-03-19T23:41:38","date_gmt":"2021-03-19T22:41:38","guid":{"rendered":"https:\/\/www.oncotask.fr\/qui-sommes-nous\/"},"modified":"2021-04-16T14:48:45","modified_gmt":"2021-04-16T12:48:45","slug":"about-us","status":"publish","type":"page","link":"https:\/\/www.oncotask.fr\/en\/about-us\/","title":{"rendered":"About Us"},"content":{"rendered":"<p>Oncotask is the subsidiary company created on the initiative of the Soci\u00e9t\u00e9 Fran\u00e7aise de Pharmacie Oncologique &#8211; SFPO, a learned society which brings together pharmacists specializing in the management of oncological treatments, whether they are hospitals, pharmacies or industrialists. The SFPO is the French representative of the European Society of Oncology Pharmacy &#8211; ESOP.<\/p>\n<p><strong>Oncotask&#8217;s vocation is in France and abroad:<\/strong><\/p>\n<p>\u2022 Organization and management of scientific events: congresses, study days, conferences, seminars, training (face-to-face and remote)<br \/>\n\u2022 Promotion, organization and management of pharmaceutical and clinical studies<br \/>\n\u2022 The creation and provision of pharmaceutical and \/ or medical tools for training and \/ or assistance in professional practice<br \/>\n\u2022 Any provision of services on behalf of learned medical societies<\/p>\n","protected":false},"excerpt":{"rendered":"<p>Oncotask is the subsidiary company created on the initiative of the Soci\u00e9t\u00e9 Fran\u00e7aise de Pharmacie Oncologique &#8","protected":false},"author":2,"featured_media":0,"parent":0,"menu_order":0,"comment_status":"closed","ping_status":"closed","template":"untitled folder\/template-qui-sommes-nous.php","meta":{"_acf_changed":false,"footnotes":""},"class_list":["post-568","page","type-page","status-publish","hentry"],"acf":[],"yoast_head":"<!-- This site is optimized with the Yoast SEO plugin v27.4 - https:\/\/yoast.com\/product\/yoast-seo-wordpress\/ -->\n<title>About Us - Oncotask<\/title>\n<meta name=\"robots\" content=\"index, follow, max-snippet:-1, max-image-preview:large, max-video-preview:-1\" \/>\n<link rel=\"canonical\" href=\"https:\/\/www.oncotask.fr\/en\/about-us\/\" \/>\n<meta property=\"og:locale\" content=\"en_US\" \/>\n<meta property=\"og:type\" content=\"article\" \/>\n<meta property=\"og:title\" content=\"About Us - Oncotask\" \/>\n<meta property=\"og:description\" content=\"Oncotask is the subsidiary company created on the initiative of the Soci\u00e9t\u00e9 Fran\u00e7aise de Pharmacie Oncologique &#8211; SFPO, a learned society which brings together pharmacists specializing in the management of oncological treatments, whether they are hospitals, pharmacies or industrialists. The SFPO is the French representative of the European Society of Oncology Pharmacy &#8211; ESOP. Oncotask&#8217;s [&hellip;]\" \/>\n<meta property=\"og:url\" content=\"https:\/\/www.oncotask.fr\/en\/about-us\/\" \/>\n<meta property=\"og:site_name\" content=\"Oncotask\" \/>\n<meta property=\"article:modified_time\" content=\"2021-04-16T12:48:45+00:00\" \/>\n<meta name=\"twitter:card\" content=\"summary_large_image\" \/>\n<meta name=\"twitter:label1\" content=\"Est. reading time\" \/>\n\t<meta name=\"twitter:data1\" content=\"1 minute\" \/>\n<script type=\"application\/ld+json\" class=\"yoast-schema-graph\">{\"@context\":\"https:\\\/\\\/schema.org\",\"@graph\":[{\"@type\":\"WebPage\",\"@id\":\"https:\\\/\\\/www.oncotask.fr\\\/en\\\/about-us\\\/\",\"url\":\"https:\\\/\\\/www.oncotask.fr\\\/en\\\/about-us\\\/\",\"name\":\"About Us - Oncotask\",\"isPartOf\":{\"@id\":\"https:\\\/\\\/www.oncotask.fr\\\/#website\"},\"datePublished\":\"2021-03-19T22:41:38+00:00\",\"dateModified\":\"2021-04-16T12:48:45+00:00\",\"breadcrumb\":{\"@id\":\"https:\\\/\\\/www.oncotask.fr\\\/en\\\/about-us\\\/#breadcrumb\"},\"inLanguage\":\"en-US\",\"potentialAction\":[{\"@type\":\"ReadAction\",\"target\":[\"https:\\\/\\\/www.oncotask.fr\\\/en\\\/about-us\\\/\"]}]},{\"@type\":\"BreadcrumbList\",\"@id\":\"https:\\\/\\\/www.oncotask.fr\\\/en\\\/about-us\\\/#breadcrumb\",\"itemListElement\":[{\"@type\":\"ListItem\",\"position\":1,\"name\":\"Accueil\",\"item\":\"https:\\\/\\\/www.oncotask.fr\\\/en\\\/\"},{\"@type\":\"ListItem\",\"position\":2,\"name\":\"About Us\"}]},{\"@type\":\"WebSite\",\"@id\":\"https:\\\/\\\/www.oncotask.fr\\\/#website\",\"url\":\"https:\\\/\\\/www.oncotask.fr\\\/\",\"name\":\"Oncotask\",\"description\":\"Filiale commerciale de la Soci\u00e9t\u00e9 Fran\u00e7aise de Pharmacie Oncologique\",\"publisher\":{\"@id\":\"https:\\\/\\\/www.oncotask.fr\\\/#organization\"},\"potentialAction\":[{\"@type\":\"SearchAction\",\"target\":{\"@type\":\"EntryPoint\",\"urlTemplate\":\"https:\\\/\\\/www.oncotask.fr\\\/?s={search_term_string}\"},\"query-input\":{\"@type\":\"PropertyValueSpecification\",\"valueRequired\":true,\"valueName\":\"search_term_string\"}}],\"inLanguage\":\"en-US\"},{\"@type\":\"Organization\",\"@id\":\"https:\\\/\\\/www.oncotask.fr\\\/#organization\",\"name\":\"Oncotask\",\"url\":\"https:\\\/\\\/www.oncotask.fr\\\/\",\"logo\":{\"@type\":\"ImageObject\",\"inLanguage\":\"en-US\",\"@id\":\"https:\\\/\\\/www.oncotask.fr\\\/#\\\/schema\\\/logo\\\/image\\\/\",\"url\":\"https:\\\/\\\/www.oncotask.fr\\\/wp-content\\\/uploads\\\/2021\\\/03\\\/cropped-favicon.png\",\"contentUrl\":\"https:\\\/\\\/www.oncotask.fr\\\/wp-content\\\/uploads\\\/2021\\\/03\\\/cropped-favicon.png\",\"width\":512,\"height\":512,\"caption\":\"Oncotask\"},\"image\":{\"@id\":\"https:\\\/\\\/www.oncotask.fr\\\/#\\\/schema\\\/logo\\\/image\\\/\"}}]}<\/script>\n<!-- \/ Yoast SEO plugin. -->","yoast_head_json":{"title":"About Us - Oncotask","robots":{"index":"index","follow":"follow","max-snippet":"max-snippet:-1","max-image-preview":"max-image-preview:large","max-video-preview":"max-video-preview:-1"},"canonical":"https:\/\/www.oncotask.fr\/en\/about-us\/","og_locale":"en_US","og_type":"article","og_title":"About Us - Oncotask","og_description":"Oncotask is the subsidiary company created on the initiative of the Soci\u00e9t\u00e9 Fran\u00e7aise de Pharmacie Oncologique &#8211; SFPO, a learned society which brings together pharmacists specializing in the management of oncological treatments, whether they are hospitals, pharmacies or industrialists. The SFPO is the French representative of the European Society of Oncology Pharmacy &#8211; ESOP. Oncotask&#8217;s [&hellip;]","og_url":"https:\/\/www.oncotask.fr\/en\/about-us\/","og_site_name":"Oncotask","article_modified_time":"2021-04-16T12:48:45+00:00","twitter_card":"summary_large_image","twitter_misc":{"Est. reading time":"1 minute"},"schema":{"@context":"https:\/\/schema.org","@graph":[{"@type":"WebPage","@id":"https:\/\/www.oncotask.fr\/en\/about-us\/","url":"https:\/\/www.oncotask.fr\/en\/about-us\/","name":"About Us - Oncotask","isPartOf":{"@id":"https:\/\/www.oncotask.fr\/#website"},"datePublished":"2021-03-19T22:41:38+00:00","dateModified":"2021-04-16T12:48:45+00:00","breadcrumb":{"@id":"https:\/\/www.oncotask.fr\/en\/about-us\/#breadcrumb"},"inLanguage":"en-US","potentialAction":[{"@type":"ReadAction","target":["https:\/\/www.oncotask.fr\/en\/about-us\/"]}]},{"@type":"BreadcrumbList","@id":"https:\/\/www.oncotask.fr\/en\/about-us\/#breadcrumb","itemListElement":[{"@type":"ListItem","position":1,"name":"Accueil","item":"https:\/\/www.oncotask.fr\/en\/"},{"@type":"ListItem","position":2,"name":"About Us"}]},{"@type":"WebSite","@id":"https:\/\/www.oncotask.fr\/#website","url":"https:\/\/www.oncotask.fr\/","name":"Oncotask","description":"Filiale commerciale de la Soci\u00e9t\u00e9 Fran\u00e7aise de Pharmacie Oncologique","publisher":{"@id":"https:\/\/www.oncotask.fr\/#organization"},"potentialAction":[{"@type":"SearchAction","target":{"@type":"EntryPoint","urlTemplate":"https:\/\/www.oncotask.fr\/?s={search_term_string}"},"query-input":{"@type":"PropertyValueSpecification","valueRequired":true,"valueName":"search_term_string"}}],"inLanguage":"en-US"},{"@type":"Organization","@id":"https:\/\/www.oncotask.fr\/#organization","name":"Oncotask","url":"https:\/\/www.oncotask.fr\/","logo":{"@type":"ImageObject","inLanguage":"en-US","@id":"https:\/\/www.oncotask.fr\/#\/schema\/logo\/image\/","url":"https:\/\/www.oncotask.fr\/wp-content\/uploads\/2021\/03\/cropped-favicon.png","contentUrl":"https:\/\/www.oncotask.fr\/wp-content\/uploads\/2021\/03\/cropped-favicon.png","width":512,"height":512,"caption":"Oncotask"},"image":{"@id":"https:\/\/www.oncotask.fr\/#\/schema\/logo\/image\/"}}]}},"_links":{"self":[{"href":"https:\/\/www.oncotask.fr\/en\/wp-json\/wp\/v2\/pages\/568","targetHints":{"allow":["GET"]}}],"collection":[{"href":"https:\/\/www.oncotask.fr\/en\/wp-json\/wp\/v2\/pages"}],"about":[{"href":"https:\/\/www.oncotask.fr\/en\/wp-json\/wp\/v2\/types\/page"}],"author":[{"embeddable":true,"href":"https:\/\/www.oncotask.fr\/en\/wp-json\/wp\/v2\/users\/2"}],"replies":[{"embeddable":true,"href":"https:\/\/www.oncotask.fr\/en\/wp-json\/wp\/v2\/comments?post=568"}],"version-history":[{"count":2,"href":"https:\/\/www.oncotask.fr\/en\/wp-json\/wp\/v2\/pages\/568\/revisions"}],"predecessor-version":[{"id":659,"href":"https:\/\/www.oncotask.fr\/en\/wp-json\/wp\/v2\/pages\/568\/revisions\/659"}],"wp:attachment":[{"href":"https:\/\/www.oncotask.fr\/en\/wp-json\/wp\/v2\/media?parent=568"}],"curies":[{"name":"wp","href":"https:\/\/api.w.org\/{rel}","templated":true}]}}